{"id":2,"date":"2019-02-26T21:52:38","date_gmt":"2019-02-26T20:52:38","guid":{"rendered":"http:\/\/kamer-on.pl\/?page_id=2"},"modified":"2020-12-21T22:23:04","modified_gmt":"2020-12-21T21:23:04","slug":"przykladowa-strona","status":"publish","type":"page","link":"https:\/\/kamer-on.pl\/","title":{"rendered":"O NAS"},"content":{"rendered":"\n<p class=\"has-black-color has-text-color\" style=\"font-size:21px\">         <\/p>\n\n\n\n<p class=\"has-black-color has-text-color\" style=\"font-size:21px\">Je\u015bli szukaj\u0105 Pa\u0144stwo skutecznego systemu monitoringu wizyjnego lub alarmu do  domu, firmy, gospodarstwa zapraszamy do zapoznania si\u0119 z nasz\u0105 ofert\u0105.<\/p>\n\n\n\n<p class=\"has-black-color has-text-color\" style=\"font-size:21px\">Od ponad 8 lat dostarczamy naszym klientom nowoczesne rozwi\u0105zania z dziedziny monitoringu wizyjnego oraz System\u00f3w Sygnalizacji W\u0142amania i Napadu. Wraz z rozwojem firmy poszerzyli\u015bmy portfolio produkt\u00f3w o systemy kontroli dost\u0119pu, instalacje domofonowe oraz automatyk\u0119 bram. <\/p>\n\n\n\n<p><\/p>\n\n\n\n<p><\/p>\n","protected":false},"excerpt":{"rendered":"<p>Je\u015bli szukaj\u0105 Pa\u0144stwo skutecznego systemu monitoringu wizyjnego lub alarmu do domu, firmy, gospodarstwa zapraszamy do zapoznania si\u0119 z nasz\u0105 ofert\u0105. Od ponad 8 lat dostarczamy naszym klientom nowoczesne rozwi\u0105zania z dziedziny monitoringu wizyjnego oraz System\u00f3w Sygnalizacji W\u0142amania i Napadu. Wraz z rozwojem firmy poszerzyli\u015bmy portfolio produkt\u00f3w o systemy kontroli dost\u0119pu, instalacje domofonowe oraz automatyk\u0119 bram.<\/p>\n","protected":false},"author":1,"featured_media":0,"parent":0,"menu_order":0,"comment_status":"closed","ping_status":"open","template":"","meta":{"footnotes":""},"class_list":["post-2","page","type-page","status-publish","hentry"],"_links":{"self":[{"href":"https:\/\/kamer-on.pl\/index.php?rest_route=\/wp\/v2\/pages\/2","targetHints":{"allow":["GET"]}}],"collection":[{"href":"https:\/\/kamer-on.pl\/index.php?rest_route=\/wp\/v2\/pages"}],"about":[{"href":"https:\/\/kamer-on.pl\/index.php?rest_route=\/wp\/v2\/types\/page"}],"author":[{"embeddable":true,"href":"https:\/\/kamer-on.pl\/index.php?rest_route=\/wp\/v2\/users\/1"}],"replies":[{"embeddable":true,"href":"https:\/\/kamer-on.pl\/index.php?rest_route=%2Fwp%2Fv2%2Fcomments&post=2"}],"version-history":[{"count":6,"href":"https:\/\/kamer-on.pl\/index.php?rest_route=\/wp\/v2\/pages\/2\/revisions"}],"predecessor-version":[{"id":154,"href":"https:\/\/kamer-on.pl\/index.php?rest_route=\/wp\/v2\/pages\/2\/revisions\/154"}],"wp:attachment":[{"href":"https:\/\/kamer-on.pl\/index.php?rest_route=%2Fwp%2Fv2%2Fmedia&parent=2"}],"curies":[{"name":"wp","href":"https:\/\/api.w.org\/{rel}","templated":true}]}}